{"id":89,"date":"2011-07-28T11:29:14","date_gmt":"2011-07-28T11:29:14","guid":{"rendered":"http:\/\/www.paderborner-puppenspiele.de\/neu2012\/?page_id=89"},"modified":"2012-10-01T15:32:57","modified_gmt":"2012-10-01T13:32:57","slug":"sondervorstellung","status":"publish","type":"page","link":"http:\/\/www.paderborner-puppenspiele.de\/neu2012\/theater-on-tour\/sondervorstellung\/","title":{"rendered":"Sondervorstellung"},"content":{"rendered":"<h1>Sondervorstellung in der Kulturwerkstatt Paderborn<\/h1>\n<p>Kommen Sie mit Ihrer Gruppe doch einfach direkt in die Kulturwerkstatt Paderborn, nur f\u00fcnf Minuten vom Hauptbahnhof und Busbahnhof entfernt.<br \/>\nParkpl\u00e4tze sind an der Kulte oder in unmittelbarer N\u00e4he vorhanden.<\/p>\n<p><strong>Kosten einer Sondervorstellung:<\/strong><\/p>\n<ol>\n<li><strong>im Studio<\/strong><br \/>\nbis max 120 Zuschauer<br \/>\npro Vorstellung 250,00\u20ac (+ 7% USt)<br \/>\nohne zus\u00e4tzliche Aufbaupauschale<\/li>\n<li><strong>im Kleinkunstsaal oder Gro\u00dfer Saal<\/strong><br \/>\nbis max 200 Zuschauer<br \/>\npro Vorstellung 250,00\u20ac (+ 7% USt)<br \/>\nplus Aufbaupauschale 150,00\u20ac (+ 7% USt)<\/li>\n<\/ol>\n<p><strong>Haben Sie noch Fragen?<br \/>\nRufen Sie uns einfach an unter: 0171-6843415, wir finden sicherlich eine L\u00f6sung!<\/strong><\/p>\n","protected":false},"excerpt":{"rendered":"<p>Sondervorstellung in der Kulturwerkstatt Paderborn Kommen Sie mit Ihrer Gruppe doch einfach direkt in die Kulturwerkstatt Paderborn, nur f\u00fcnf Minuten vom Hauptbahnhof und Busbahnhof entfernt. Parkpl\u00e4tze sind an der Kulte oder in unmittelbarer N\u00e4he vorhanden. Kosten einer Sondervorstellung: im Studio bis max 120 Zuschauer pro Vorstellung 250,00\u20ac (+ 7% USt) ohne zus\u00e4tzliche Aufbaupauschale im Kleinkunstsaal [&hellip;]<\/p>\n","protected":false},"author":1,"featured_media":480,"parent":8,"menu_order":3,"comment_status":"closed","ping_status":"open","template":"","meta":[],"_links":{"self":[{"href":"http:\/\/www.paderborner-puppenspiele.de\/neu2012\/wp-json\/wp\/v2\/pages\/89"}],"collection":[{"href":"http:\/\/www.paderborner-puppenspiele.de\/neu2012\/wp-json\/wp\/v2\/pages"}],"about":[{"href":"http:\/\/www.paderborner-puppenspiele.de\/neu2012\/wp-json\/wp\/v2\/types\/page"}],"author":[{"embeddable":true,"href":"http:\/\/www.paderborner-puppenspiele.de\/neu2012\/wp-json\/wp\/v2\/users\/1"}],"replies":[{"embeddable":true,"href":"http:\/\/www.paderborner-puppenspiele.de\/neu2012\/wp-json\/wp\/v2\/comments?post=89"}],"version-history":[{"count":4,"href":"http:\/\/www.paderborner-puppenspiele.de\/neu2012\/wp-json\/wp\/v2\/pages\/89\/revisions"}],"predecessor-version":[{"id":499,"href":"http:\/\/www.paderborner-puppenspiele.de\/neu2012\/wp-json\/wp\/v2\/pages\/89\/revisions\/499"}],"up":[{"embeddable":true,"href":"http:\/\/www.paderborner-puppenspiele.de\/neu2012\/wp-json\/wp\/v2\/pages\/8"}],"wp:featuredmedia":[{"embeddable":true,"href":"http:\/\/www.paderborner-puppenspiele.de\/neu2012\/wp-json\/wp\/v2\/media\/480"}],"wp:attachment":[{"href":"http:\/\/www.paderborner-puppenspiele.de\/neu2012\/wp-json\/wp\/v2\/media?parent=89"}],"curies":[{"name":"wp","href":"https:\/\/api.w.org\/{rel}","templated":true}]}}