{"id":858,"date":"2015-12-27T17:30:05","date_gmt":"2015-12-27T16:30:05","guid":{"rendered":"http:\/\/www.paderborner-puppenspiele.de\/neu2012\/?page_id=858"},"modified":"2025-04-14T09:24:52","modified_gmt":"2025-04-14T07:24:52","slug":"unsere-spendenaktionen","status":"publish","type":"page","link":"http:\/\/www.paderborner-puppenspiele.de\/neu2012\/start\/unsere-spendenaktionen\/","title":{"rendered":"Unsere Spendenaktionen"},"content":{"rendered":"<h3>Spendenaktionen der Paderborner Puppenspiele<\/h3>\n<p><strong>insgesamt vom 2002 bis 2024: 30.726,90 \u20ac<br \/>\n<\/strong><\/p>\n<p><img loading=\"lazy\" class=\"size-full wp-image-317 alignright\" style=\"margin-left: 10px;\" title=\"Marion Maurer\" src=\"http:\/\/www.paderborner-puppenspiele.de\/neu2012\/wp-content\/uploads\/2012\/04\/marion_maurer2.jpg\" alt=\"\" width=\"166\" height=\"260\" srcset=\"http:\/\/www.paderborner-puppenspiele.de\/neu2012\/wp-content\/uploads\/2012\/04\/marion_maurer2.jpg 166w, http:\/\/www.paderborner-puppenspiele.de\/neu2012\/wp-content\/uploads\/2012\/04\/marion_maurer2-89x140.jpg 89w\" sizes=\"(max-width: 166px) 100vw, 166px\" \/>Seit vielen Jahren unterst\u00fctzen die Paderborner Puppenspiele verschiedene Hilfsprojekte und Einrichtungen durch die Einnahmen ausgew\u00e4hlter Vorstellungen, den Verkauf von Kasper-H\u00f6rspielen und DVDs sowie kleinen Spendenaktionen.<\/p>\n<p>Auf Anfrage unserer gro\u00dfen und kleinen Spendern ver\u00f6ffentlichen wir hier die Verteilung der Spenden, soweit ich die Belege noch gefunden habe:<\/p>\n<table width=\"136\">\n<tbody>\n<tr>\n<td width=\"34\"><\/td>\n<td width=\"34\"><\/td>\n<td width=\"34\"><\/td>\n<td width=\"34\"><\/td>\n<\/tr>\n<tr>\n<td><\/td>\n<td><\/td>\n<td><\/td>\n<td><\/td>\n<\/tr>\n<\/tbody>\n<\/table>\n<p><strong>2024\u00a0\u00a0\u00a0\u00a0 <\/strong>2184 \u20ac<strong><br \/>\n<\/strong><\/p>\n<p><strong>2023\u00a0\u00a0\u00a0\u00a0 <\/strong>2201 \u20ac<strong><br \/>\n<\/strong><\/p>\n<p><strong>2022\u00a0\u00a0\u00a0 <\/strong>1243 \u20ac<strong><br \/>\n<\/strong><\/p>\n<p><strong>2021\u00a0\u00a0\u00a0 <\/strong>1739 \u20ac<strong><br \/>\n<\/strong><\/p>\n<p><strong>2020<\/strong><\/p>\n<p>468,00 \u20ac Kindernothilfe e.V.<br \/>\n31,00 \u20ac Sonstige<\/p>\n<p><strong>2019<\/strong><\/p>\n<p>878,00 \u20ac Aktionsb\u00fcndnis Katastrophenhilfe e.V.<br \/>\n468,00 \u20ac Kindernothilfe e.V.<br \/>\n222,00 \u20ac Sonstige<\/p>\n<p><strong>2018<\/strong><\/p>\n<p>540,00 \u20ac Hurrikanopferhilfe Haiti<br \/>\n468,00 \u20ac Kindernothilfe e.V.<br \/>\n103,00 \u20ac Sonstige<\/p>\n<p><strong>2017<\/strong><\/p>\n<p>300,00 \u20ac Kindergarten XXXX<br \/>\n468,00 \u20ac Kindernothilfe e.V.<br \/>\n300,00 \u20ac Sonstige<\/p>\n<p><strong>2016<\/strong><br \/>\n275,00 \u20ac Paderborner Syrienhilfe e.V. (Direkthilfe in Syriens Kriegsgebieten)<br \/>\n540,00 \u20ac Hurrikanopferhilfe Haiti<br \/>\n393,54 \u20ac Kindernothilfe e.V.<br \/>\n153,00 \u20ac Sonstige<\/p>\n<p><strong>2015<\/strong><br \/>\n273,50 \u20ac Paderborner Syrienhilfe e.V.<br \/>\n830,33 \u20ac &#8220;Odysseas Education for young Refugees&#8221; Fl\u00fcchtlingshilfe f\u00fcr unbegleitete Kinder auf Lesbos<br \/>\n1100,00 \u20ac Paderborner Syrienhilfe e.V. (Direkthilfe in Syriens Kriegsgebieten)<br \/>\n160,50 \u20ac AWO Paderborn (Begr\u00fc\u00dfungsveranstaltung f\u00fcr Fl\u00fcchtlingsfamilien)<br \/>\n319,00 \u20ac Kindernothilfe e.V.<br \/>\n625,80 \u20ac Sonstige<br \/>\n170,00 \u20ac &#8220;Die Hoffnung bleibt immer e.V.&#8221; (f\u00fcr Schwerkranke Kinder aus Osteuropa)<\/p>\n<p><strong>2014<\/strong><br \/>\n500,00 \u20ac Fl\u00fcchtlingshilfsprojekt Berlin<br \/>\n319,00 \u20ac Kindernothilfe e.V.<br \/>\n487,00 \u20ac Sonstige<\/p>\n<p><strong>2013<\/strong><br \/>\n700,00 \u20ac Paderborn-eine-Region-hilft e.V. &#8220;Taifun-Opferhilfe auf den Philipinen&#8221;<br \/>\n200,00 \u20ac Afrika-Direkthilfe e.V.<br \/>\n200,00 \u20ac Elbehochwasseropfer (Kindergarten)<br \/>\n319,00 \u20ac Kindernothilfe e.V.<br \/>\n576,50 \u20ac Sonstige<\/p>\n<p><strong>2012<\/strong><br \/>\n1500,00 \u20ac Afrika-Direkthilfe e.V.<br \/>\n319,00 \u20ac Kindernothilfe e.V.<br \/>\n376,00 \u20ac Sonstige<\/p>\n<p><strong>2011<\/strong><br \/>\n319,00 \u20ac Kindernothilfe e.V.<br \/>\n63,00 \u20ac Sonstige<\/p>\n<p><strong>2010<\/strong><br \/>\n319,09 \u20ac Kindernothilfe e.V.<br \/>\n000,00 \u20ac Sonstige<\/p>\n<p><strong>2009<\/strong><br \/>\n319,09 \u20ac Kindernothilfe e.V.<br \/>\n282,00 \u20ac Sonstige<\/p>\n<p><strong>2008<\/strong><br \/>\n200,00 \u20ac AVICRES e.V.<br \/>\n319,09 \u20ac Kindernothilfe e.V.<br \/>\n318,82 \u20ac Sonstige<\/p>\n<p><strong>2007<\/strong><br \/>\n200,00 \u20ac AVICRES e.V.<br \/>\n319,09 \u20ac Kindernothilfe e.V.<br \/>\n359,00 \u20ac Sonstige<\/p>\n<p><strong>2006<\/strong><br \/>\n319,09 \u20ac Kindernothilfe e.V.<br \/>\n231,00 \u20ac Sonstige<\/p>\n<p><strong>2005<\/strong><br \/>\n870,00 \u20ac Paderborn-eine-Region-hilft e.V. Flutopfer Thailand<br \/>\n319,09 \u20ac Kindernothilfe e.V.<br \/>\n421,00 \u20ac Sonstige<\/p>\n<p><strong>2004<\/strong><br \/>\n135,05 \u20ac AVICRES e.V.<br \/>\n319,09 \u20ac Kindernothilfe e.V.<br \/>\n310,00 \u20ac Sonstige<\/p>\n<p><strong>2003<\/strong><br \/>\n350,00 \u20ac DKMS<br \/>\n300,00 \u20ac Tierschutzverein Borkum e.V.<br \/>\n319,09 \u20ac Kindernothilfe e.V.<br \/>\n550,00 \u20ac Sonstige<\/p>\n<p><strong>2002<\/strong><br \/>\n319,09 \u20ac Kindernothilfe e.V.<br \/>\n999,00 \u20ac Sonstige<\/p>\n","protected":false},"excerpt":{"rendered":"<p>Spendenaktionen der Paderborner Puppenspiele insgesamt vom 2002 bis 2024: 30.726,90 \u20ac Seit vielen Jahren unterst\u00fctzen die Paderborner Puppenspiele verschiedene Hilfsprojekte und Einrichtungen durch die Einnahmen ausgew\u00e4hlter Vorstellungen, den Verkauf von Kasper-H\u00f6rspielen und DVDs sowie kleinen Spendenaktionen. Auf Anfrage unserer gro\u00dfen und kleinen Spendern ver\u00f6ffentlichen wir hier die Verteilung der Spenden, soweit ich die Belege noch [&hellip;]<\/p>\n","protected":false},"author":1,"featured_media":0,"parent":20,"menu_order":1,"comment_status":"closed","ping_status":"open","template":"","meta":[],"_links":{"self":[{"href":"http:\/\/www.paderborner-puppenspiele.de\/neu2012\/wp-json\/wp\/v2\/pages\/858"}],"collection":[{"href":"http:\/\/www.paderborner-puppenspiele.de\/neu2012\/wp-json\/wp\/v2\/pages"}],"about":[{"href":"http:\/\/www.paderborner-puppenspiele.de\/neu2012\/wp-json\/wp\/v2\/types\/page"}],"author":[{"embeddable":true,"href":"http:\/\/www.paderborner-puppenspiele.de\/neu2012\/wp-json\/wp\/v2\/users\/1"}],"replies":[{"embeddable":true,"href":"http:\/\/www.paderborner-puppenspiele.de\/neu2012\/wp-json\/wp\/v2\/comments?post=858"}],"version-history":[{"count":10,"href":"http:\/\/www.paderborner-puppenspiele.de\/neu2012\/wp-json\/wp\/v2\/pages\/858\/revisions"}],"predecessor-version":[{"id":1251,"href":"http:\/\/www.paderborner-puppenspiele.de\/neu2012\/wp-json\/wp\/v2\/pages\/858\/revisions\/1251"}],"up":[{"embeddable":true,"href":"http:\/\/www.paderborner-puppenspiele.de\/neu2012\/wp-json\/wp\/v2\/pages\/20"}],"wp:attachment":[{"href":"http:\/\/www.paderborner-puppenspiele.de\/neu2012\/wp-json\/wp\/v2\/media?parent=858"}],"curies":[{"name":"wp","href":"https:\/\/api.w.org\/{rel}","templated":true}]}}