{"id":8,"date":"2011-07-14T09:57:19","date_gmt":"2011-07-14T09:57:19","guid":{"rendered":"http:\/\/www.paderborner-puppenspiele.de\/neu2012\/?page_id=8"},"modified":"2013-05-17T21:02:20","modified_gmt":"2013-05-17T19:02:20","slug":"theater-on-tour","status":"publish","type":"page","link":"http:\/\/www.paderborner-puppenspiele.de\/neu2012\/theater-on-tour\/","title":{"rendered":"Theater on Tour"},"content":{"rendered":"<h1>Suchen Sie noch ein Event f\u00fcr Gro\u00df und Klein?<\/h1>\n<p><img loading=\"lazy\" class=\"size-full wp-image-323 alignnone\" src=\"http:\/\/www.paderborner-puppenspiele.de\/neu2012\/wp-content\/uploads\/2011\/07\/btypen_voll2.png\" alt=\"\" width=\"480\" height=\"169\" usemap=\"#Map2\" srcset=\"http:\/\/www.paderborner-puppenspiele.de\/neu2012\/wp-content\/uploads\/2011\/07\/btypen_voll2.png 480w, http:\/\/www.paderborner-puppenspiele.de\/neu2012\/wp-content\/uploads\/2011\/07\/btypen_voll2-300x105.png 300w, http:\/\/www.paderborner-puppenspiele.de\/neu2012\/wp-content\/uploads\/2011\/07\/btypen_voll2-140x49.png 140w\" sizes=\"(max-width: 480px) 100vw, 480px\" \/><\/p>\n<map name=\"Map2\" id=\"Map2\">\n<area title=\"Kleine B\u00fchne\" shape=\"circle\" coords=\"161,84,33\" href=\"http:\/\/www.paderborner-puppenspiele.de\/neu2012\/theater-on-tour\/buhnentypen\/#b1\" \/>\n<area title=\"Gro\u00dfe Tourneeb\u00fchne\" shape=\"circle\" coords=\"240,84,33\" href=\"http:\/\/www.paderborner-puppenspiele.de\/neu2012\/theater-on-tour\/buhnentypen\/#b2\" \/>\n<area title=\"Open-Air-B\u00fchne\" shape=\"circle\" coords=\"318,84,34\" href=\"http:\/\/www.paderborner-puppenspiele.de\/neu2012\/theater-on-tour\/buhnentypen\/#b3\" \/><\/map>\n<p>Wir k\u00f6nnen Ihnen mit verschiedenen B\u00fchnentypen ein ma\u00dfgescheidertes Angebot<br \/>\nf\u00fcr fast alle Veranstaltungsarten in geschlossenen R\u00e4umen oder im Freien anbieten.<\/p>\n<p>Wenn Sie Interesse an unseren Marionetteninszenierungen oder einzelnen Events aus dem Bereiche des Musik-Figurentheaters haben, dann neben Sie bitte direkt mit uns Kontakt auf.<\/p>\n<p>Schauen Sie hier, welche B\u00fchnen und M\u00f6glichkeiten wir f\u00fcr Sie bereithalten.<\/p>\n<p><a title=\"B\u00fchnentypen\" href=\"http:\/\/www.paderborner-puppenspiele.de\/neu2012\/theater-on-tour\/buhnentypen\/\">Schauen Sie hier, welche B\u00fchnen und M\u00f6glichkeiten wir f\u00fcr Sie bereithalten<\/a><\/p>\n","protected":false},"excerpt":{"rendered":"<p>Suchen Sie noch ein Event f\u00fcr Gro\u00df und Klein? Wir k\u00f6nnen Ihnen mit verschiedenen B\u00fchnentypen ein ma\u00dfgescheidertes Angebot f\u00fcr fast alle Veranstaltungsarten in geschlossenen R\u00e4umen oder im Freien anbieten. Wenn Sie Interesse an unseren Marionetteninszenierungen oder einzelnen Events aus dem Bereiche des Musik-Figurentheaters haben, dann neben Sie bitte direkt mit uns Kontakt auf. Schauen Sie [&hellip;]<\/p>\n","protected":false},"author":1,"featured_media":480,"parent":0,"menu_order":3,"comment_status":"closed","ping_status":"closed","template":"","meta":[],"_links":{"self":[{"href":"http:\/\/www.paderborner-puppenspiele.de\/neu2012\/wp-json\/wp\/v2\/pages\/8"}],"collection":[{"href":"http:\/\/www.paderborner-puppenspiele.de\/neu2012\/wp-json\/wp\/v2\/pages"}],"about":[{"href":"http:\/\/www.paderborner-puppenspiele.de\/neu2012\/wp-json\/wp\/v2\/types\/page"}],"author":[{"embeddable":true,"href":"http:\/\/www.paderborner-puppenspiele.de\/neu2012\/wp-json\/wp\/v2\/users\/1"}],"replies":[{"embeddable":true,"href":"http:\/\/www.paderborner-puppenspiele.de\/neu2012\/wp-json\/wp\/v2\/comments?post=8"}],"version-history":[{"count":28,"href":"http:\/\/www.paderborner-puppenspiele.de\/neu2012\/wp-json\/wp\/v2\/pages\/8\/revisions"}],"predecessor-version":[{"id":78,"href":"http:\/\/www.paderborner-puppenspiele.de\/neu2012\/wp-json\/wp\/v2\/pages\/8\/revisions\/78"}],"wp:featuredmedia":[{"embeddable":true,"href":"http:\/\/www.paderborner-puppenspiele.de\/neu2012\/wp-json\/wp\/v2\/media\/480"}],"wp:attachment":[{"href":"http:\/\/www.paderborner-puppenspiele.de\/neu2012\/wp-json\/wp\/v2\/media?parent=8"}],"curies":[{"name":"wp","href":"https:\/\/api.w.org\/{rel}","templated":true}]}}