{"id":4,"date":"2011-07-14T09:56:30","date_gmt":"2011-07-14T09:56:30","guid":{"rendered":"http:\/\/www.paderborner-puppenspiele.de\/neu2012\/?page_id=4"},"modified":"2026-01-21T17:18:14","modified_gmt":"2026-01-21T16:18:14","slug":"spielplan","status":"publish","type":"page","link":"http:\/\/www.paderborner-puppenspiele.de\/neu2012\/spielplan\/","title":{"rendered":"Spielplan"},"content":{"rendered":"\n<p><\/p>\n\n\n\n<p><\/p>\n\n\n<h2>\u00a0<\/h2>\n<h2><strong>Hier erhalten Sie Informationen oder Sie k\u00f6nnen Karten reservieren f\u00fcr unsere \u00f6ffentlichen Indoor-Veranstaltungen.<\/strong><\/h2>\n<h2><strong>Die Tickets f\u00fcr die vier Stadtf\u00fchrungen unter dem Thema: &#8220;Bischof, Brandschutz, B\u00fcrgerwehr&#8221; am 09.05., 18.07., 12.09. und 10.10.2026 mit einer fahrbaren Handpuppenb\u00fchne k\u00f6nnen Sie ab sofort \u00fcber die Tourist Information buchen.\u00a0<\/strong><\/h2>\n<p><strong>Tickets f\u00fcr die <a href=\"https:\/\/www.ticket-regional.de\/events.php?mysearchEventtype=Verkehrsverein%20Paderborn&amp;mysearchGlobal=Bischof,%20Brandschutz,%20B%FCrgerwehr&amp;mysearchEvent=Bischof,%20Brandschutz,%20B%FCrgerwehr&amp;style=paderborn\">Stadtf\u00fchrungen mit drolligen Typen bitte hier klicken<\/a>.<\/strong><\/p>\n<h2>\u00a0<\/h2>\n<h2>Zur Zeit laufen noch Restarbeiten in der umgebauten Kulturwerkstatt an der Bahnhofstra\u00dfe.<\/h2>\n<h2>Zu unserem Jubil\u00e4um (25 Jahre Paderborner-Puppenspiele in der Kulte) am Donnerstag 09. April hoffe ich auf einen Neustart an gewohnter Spielst\u00e4tte.<\/h2>\n<p>\u00a0<\/p>\n<h2>Bis Ende M\u00e4rz werde ich im Forum St. Liborius, Krumme Grube 1, Paderborn (direkt neben der Gaukirche) \u00f6ffentliche Veranstaltungen anbieten.<\/h2>\n<p>Parkm\u00f6glichkeiten befinden sich auf dem Domplatz (ggf. eingeschr\u00e4nkt w\u00e4hrend Weihnachtsmarkt), im Parkhaus Volksbank (Einfahrt direkt am LiFo), Liborigalerie und Parkplatz Liboriberg.<\/p>\n<p>F\u00fcr weitere Fragen stehe ich Ihnen jederzeit zur Verf\u00fcgung.<\/p>\n<p><img loading=\"lazy\" class=\"wp-image-261 alignnone\" title=\"Unser laufendes Programm\" src=\"http:\/\/www.paderborner-puppenspiele.de\/neu2012\/wp-content\/uploads\/2011\/07\/header_play_times.jpg\" alt=\"\" width=\"464\" height=\"192\" srcset=\"http:\/\/www.paderborner-puppenspiele.de\/neu2012\/wp-content\/uploads\/2011\/07\/header_play_times.jpg 464w, http:\/\/www.paderborner-puppenspiele.de\/neu2012\/wp-content\/uploads\/2011\/07\/header_play_times-300x124.jpg 300w, http:\/\/www.paderborner-puppenspiele.de\/neu2012\/wp-content\/uploads\/2011\/07\/header_play_times-140x57.jpg 140w\" sizes=\"(max-width: 464px) 100vw, 464px\" \/><\/p>\n<p>Unser aktueller <a href=\"http:\/\/www.paderborner-puppenspiele.de\/neu2012\/wp-content\/uploads\/2025\/11\/PLK-Dez25-Feb26A4.pdf\">Programmflyer als PDF<\/a> zum Runterladen und Ausdrucken.<\/p>\n<p>\u00a0<\/p>\n<p><strong>\u00a0<\/strong><\/p>\n\n\n<p><\/p>\n","protected":false},"excerpt":{"rendered":"<p>\u00a0 Hier erhalten Sie Informationen oder Sie k\u00f6nnen Karten reservieren f\u00fcr unsere \u00f6ffentlichen Indoor-Veranstaltungen. Die Tickets f\u00fcr die vier Stadtf\u00fchrungen unter dem Thema: &#8220;Bischof, Brandschutz, B\u00fcrgerwehr&#8221; am 09.05., 18.07., 12.09. und 10.10.2026 mit einer fahrbaren Handpuppenb\u00fchne k\u00f6nnen Sie ab sofort \u00fcber die Tourist Information buchen.\u00a0 Tickets f\u00fcr die Stadtf\u00fchrungen mit drolligen Typen bitte hier klicken. [&hellip;]<\/p>\n","protected":false},"author":1,"featured_media":0,"parent":0,"menu_order":1,"comment_status":"closed","ping_status":"open","template":"page-programm.php","meta":[],"_links":{"self":[{"href":"http:\/\/www.paderborner-puppenspiele.de\/neu2012\/wp-json\/wp\/v2\/pages\/4"}],"collection":[{"href":"http:\/\/www.paderborner-puppenspiele.de\/neu2012\/wp-json\/wp\/v2\/pages"}],"about":[{"href":"http:\/\/www.paderborner-puppenspiele.de\/neu2012\/wp-json\/wp\/v2\/types\/page"}],"author":[{"embeddable":true,"href":"http:\/\/www.paderborner-puppenspiele.de\/neu2012\/wp-json\/wp\/v2\/users\/1"}],"replies":[{"embeddable":true,"href":"http:\/\/www.paderborner-puppenspiele.de\/neu2012\/wp-json\/wp\/v2\/comments?post=4"}],"version-history":[{"count":106,"href":"http:\/\/www.paderborner-puppenspiele.de\/neu2012\/wp-json\/wp\/v2\/pages\/4\/revisions"}],"predecessor-version":[{"id":1291,"href":"http:\/\/www.paderborner-puppenspiele.de\/neu2012\/wp-json\/wp\/v2\/pages\/4\/revisions\/1291"}],"wp:attachment":[{"href":"http:\/\/www.paderborner-puppenspiele.de\/neu2012\/wp-json\/wp\/v2\/media?parent=4"}],"curies":[{"name":"wp","href":"https:\/\/api.w.org\/{rel}","templated":true}]}}