{"id":155,"date":"2011-07-28T15:00:21","date_gmt":"2011-07-28T15:00:21","guid":{"rendered":"http:\/\/www.paderborner-puppenspiele.de\/neu2012\/?page_id=155"},"modified":"2012-10-01T15:28:48","modified_gmt":"2012-10-01T13:28:48","slug":"newsletter","status":"publish","type":"page","link":"http:\/\/www.paderborner-puppenspiele.de\/neu2012\/service\/newsletter\/","title":{"rendered":"Newsletter"},"content":{"rendered":"<h1>Newsletter Anmeldung<\/h1>\n<p>Melden Sie sich jetzt f\u00fcr den kostenlosen Paderborner Puppenspiele-Newsletter an und sichern Sie sich regelm\u00e4\u00dfig attraktive Vorteile!<\/p>\n","protected":false},"excerpt":{"rendered":"<p>Newsletter Anmeldung Melden Sie sich jetzt f\u00fcr den kostenlosen Paderborner Puppenspiele-Newsletter an und sichern Sie sich regelm\u00e4\u00dfig attraktive Vorteile!<\/p>\n","protected":false},"author":1,"featured_media":480,"parent":149,"menu_order":2,"comment_status":"closed","ping_status":"open","template":"page-newsletter.php","meta":[],"_links":{"self":[{"href":"http:\/\/www.paderborner-puppenspiele.de\/neu2012\/wp-json\/wp\/v2\/pages\/155"}],"collection":[{"href":"http:\/\/www.paderborner-puppenspiele.de\/neu2012\/wp-json\/wp\/v2\/pages"}],"about":[{"href":"http:\/\/www.paderborner-puppenspiele.de\/neu2012\/wp-json\/wp\/v2\/types\/page"}],"author":[{"embeddable":true,"href":"http:\/\/www.paderborner-puppenspiele.de\/neu2012\/wp-json\/wp\/v2\/users\/1"}],"replies":[{"embeddable":true,"href":"http:\/\/www.paderborner-puppenspiele.de\/neu2012\/wp-json\/wp\/v2\/comments?post=155"}],"version-history":[{"count":3,"href":"http:\/\/www.paderborner-puppenspiele.de\/neu2012\/wp-json\/wp\/v2\/pages\/155\/revisions"}],"predecessor-version":[{"id":488,"href":"http:\/\/www.paderborner-puppenspiele.de\/neu2012\/wp-json\/wp\/v2\/pages\/155\/revisions\/488"}],"up":[{"embeddable":true,"href":"http:\/\/www.paderborner-puppenspiele.de\/neu2012\/wp-json\/wp\/v2\/pages\/149"}],"wp:featuredmedia":[{"embeddable":true,"href":"http:\/\/www.paderborner-puppenspiele.de\/neu2012\/wp-json\/wp\/v2\/media\/480"}],"wp:attachment":[{"href":"http:\/\/www.paderborner-puppenspiele.de\/neu2012\/wp-json\/wp\/v2\/media?parent=155"}],"curies":[{"name":"wp","href":"https:\/\/api.w.org\/{rel}","templated":true}]}}