{"id":144,"date":"2011-07-28T14:44:12","date_gmt":"2011-07-28T12:44:12","guid":{"rendered":"http:\/\/www.paderborner-puppenspiele.de\/neu2012\/?page_id=144"},"modified":"2012-11-22T09:30:46","modified_gmt":"2012-11-22T08:30:46","slug":"freundeskreis","status":"publish","type":"page","link":"http:\/\/www.paderborner-puppenspiele.de\/neu2012\/freundeskreis\/","title":{"rendered":"Freundeskreis"},"content":{"rendered":"<h1 class=\"paddtop\">Mitglied werden im Freundeskreis<img loading=\"lazy\" class=\"size-full wp-image-357 alignright\" title=\"Freundeskreis\" src=\"http:\/\/www.paderborner-puppenspiele.de\/neu2012\/wp-content\/uploads\/2011\/07\/icon_freundeskreis.jpg\" alt=\"\" width=\"67\" height=\"59\" \/><br \/>der Paderborner Puppenspiele<\/h1>\n<p><img style=\"margin-top: 10px; margin-bottom: 10px;\" src=\"http:\/\/www.paderborner-puppenspiele.de\/neu2012\/wp-content\/themes\/pbp\/images\/stage_shadow_bottom.png\" alt=\"\" \/><\/p>\n<p>Waren Sie schon einmal bei uns in einer Vorstellung und es hat Ihnen so gut gefallen, dass Sie auf jeden Fall wiederkommen m\u00f6chten?<br \/>\nW\u00fcnschen Sie regelm\u00e4\u00dfig Informationen zu Puppenspiel-Vorstellungen?<br \/>\nInteressieren Sie sich evtl. f\u00fcr ein Handpuppenspielerseminar?<\/p>\n<p>Dann bieten wir Ihnen die kostenlose Mitgliedschaft im &#8220;Freundeskreis der PB-Puppenspiele&#8221; an.<\/p>\n<p><strong>Wie werde ich Mitglied im Freundeskreis?<\/strong><\/p>\n<p>Sie tragen sich beim n\u00e4chsten Besuch in unserem Puppentheater in die ausgelegten Teilnehmerliste ein und erhalten Ihren pers\u00f6nlichen Ausweis mit dem beiliegendem Infobrief.<br \/>\nAlle Daten werden selbstverst\u00e4ndlich bei uns vertraulich behandelt und werden nicht an Dritte weitergegeben.<\/p>\n<p><strong>&#8211; Erm\u00e4\u00dfigter Eintritt &#8211;<\/strong><br \/>\nMit dem Ausweis des Freundeskreises erhalten Sie und alle Personen in Ihrer Begleitung den erm\u00e4\u00dfigten Eintrittspreis in unseren Vorstellungen.<\/p>\n<p>Dies gilt jedoch nicht f\u00fcr Auff\u00fchrungen anderer Puppen- und Figurentheater in Paderborn sowie Veranstaltungen anderer B\u00fchnen im Rahmen der Paderborner Puppenspielwoche.<\/p>\n<p><strong>&#8211; Regelm\u00e4\u00dfige Infos &#8211;<\/strong><br \/>\nSollten Sie eine Email-Adresse besitzen, so erhalten Sie regelm\u00e4\u00dfig Information zu allen kurzfristigen Programm\u00e4nderungen und Sonderveranstaltungen.<\/p>\n<p>Wer keine Emailadresse angeben kann bekommt mindestens einmal j\u00e4hrlich Infopost mit dem Progamm zugeschickt.<\/p>\n<p>Ihre Mitgliedschaft verl\u00e4ngert sich um ein Jahr, sofern Sie innerhalb einer Spielsaison eine Vorstellung besucht haben oder \u00fcber die Kasperhotline bzw. Email um die Verl\u00e4ngerung bitten.<\/p>\n<p><strong>&#8211; Freikarten &#8211;<\/strong><br \/>\nHaben Sie Freunde oder Bekannte in finanziell schwieriger Situation, die sich einen Besuch beim Kasper nicht leisten k\u00f6nnten?<\/p>\n<p>10 % aller Eintrittskarten stellen wir seit Jahren als Freikarten f\u00fcr solche G\u00e4ste (oft alleinerziehende M\u00fctter mit Kind) zur Verf\u00fcgung, die sich finanziell einen Besuch beim Kasper kaum leisten k\u00f6nnen.<\/p>\n<p>Als Mitglied des Freundeskreis teilen Sie uns einfach \u00fcber die Kasperhotline den gew\u00fcnschten Veranstaltungstag und die Anzahl der Freikarten mit. Wir rufen zur\u00fcck und best\u00e4tigen die Reservierung.<br \/>\nDie Freikarten liegen dann mit dem Vermerk &#8220;bezahlt&#8221; an der Kasse. Dieses Angebot sollte im Sinne der Kinder anonym abgewickelt werden. Von jeder \u00d6ffentlichen Zurschaustellung nehmen wir bewusst Anstand, weil wir der Meinung sind, dass jedes Kind die Chance haben sollte den Kasper kennen zu lernen.<\/p>\n<p>Engagieren Sie sich in irgendwelchen Gruppen oder Institutionen f\u00fcr besondere soziale Projekte im Rahmen der Kinderhilfe?<br \/>\nLassen sie es uns wissen. Wir stellen in der Regel den Erl\u00f6s von vier Vorstellungen pro Spielsaison gemeinn\u00fctzigen Zwecken zur Verf\u00fcgung.<\/p>\n<p>Zun\u00e4chst w\u00fcnschen wir Ihnen eine gute Zeit und freuen uns auf ein Wiedersehen in der Kulturwerkstatt.<\/p>\n<p>Mit freundlichen Gr\u00fc\u00dfen<br \/>\nRobert Husemann<\/p>\n","protected":false},"excerpt":{"rendered":"<p>Mitglied werden im Freundeskreisder Paderborner Puppenspiele Waren Sie schon einmal bei uns in einer Vorstellung und es hat Ihnen so gut gefallen, dass Sie auf jeden Fall wiederkommen m\u00f6chten? W\u00fcnschen Sie regelm\u00e4\u00dfig Informationen zu Puppenspiel-Vorstellungen? Interessieren Sie sich evtl. f\u00fcr ein Handpuppenspielerseminar? Dann bieten wir Ihnen die kostenlose Mitgliedschaft im &#8220;Freundeskreis der PB-Puppenspiele&#8221; an. Wie [&hellip;]<\/p>\n","protected":false},"author":1,"featured_media":480,"parent":0,"menu_order":40,"comment_status":"closed","ping_status":"closed","template":"","meta":[],"_links":{"self":[{"href":"http:\/\/www.paderborner-puppenspiele.de\/neu2012\/wp-json\/wp\/v2\/pages\/144"}],"collection":[{"href":"http:\/\/www.paderborner-puppenspiele.de\/neu2012\/wp-json\/wp\/v2\/pages"}],"about":[{"href":"http:\/\/www.paderborner-puppenspiele.de\/neu2012\/wp-json\/wp\/v2\/types\/page"}],"author":[{"embeddable":true,"href":"http:\/\/www.paderborner-puppenspiele.de\/neu2012\/wp-json\/wp\/v2\/users\/1"}],"replies":[{"embeddable":true,"href":"http:\/\/www.paderborner-puppenspiele.de\/neu2012\/wp-json\/wp\/v2\/comments?post=144"}],"version-history":[{"count":12,"href":"http:\/\/www.paderborner-puppenspiele.de\/neu2012\/wp-json\/wp\/v2\/pages\/144\/revisions"}],"predecessor-version":[{"id":612,"href":"http:\/\/www.paderborner-puppenspiele.de\/neu2012\/wp-json\/wp\/v2\/pages\/144\/revisions\/612"}],"wp:featuredmedia":[{"embeddable":true,"href":"http:\/\/www.paderborner-puppenspiele.de\/neu2012\/wp-json\/wp\/v2\/media\/480"}],"wp:attachment":[{"href":"http:\/\/www.paderborner-puppenspiele.de\/neu2012\/wp-json\/wp\/v2\/media?parent=144"}],"curies":[{"name":"wp","href":"https:\/\/api.w.org\/{rel}","templated":true}]}}