{"id":12,"date":"2011-07-14T09:58:00","date_gmt":"2011-07-14T09:58:00","guid":{"rendered":"http:\/\/www.paderborner-puppenspiele.de\/neu2012\/?page_id=12"},"modified":"2016-08-17T15:06:18","modified_gmt":"2016-08-17T13:06:18","slug":"uber-das-puppenspiel","status":"publish","type":"page","link":"http:\/\/www.paderborner-puppenspiele.de\/neu2012\/uber-das-puppenspiel\/","title":{"rendered":"\u00dcber das Puppenspiel"},"content":{"rendered":"<h1>Puppenspielinformationen<\/h1>\n<p>Wir bieten Ihnen auf den folgenden Unterseiten verschiedene Informationen \u00fcber die Paderborner Puppenspiele, zum Figurentheater allgemein , historische Hintergr\u00fcnden zum Puppenspiel auf dem Liboriberg sowie Wissenswertes zum Umgang mit Handpuppen.<\/p>\n<p>F\u00fcr weitere Anregungen sind wir sehr dankbar.<\/p>\n","protected":false},"excerpt":{"rendered":"<p>Puppenspielinformationen Wir bieten Ihnen auf den folgenden Unterseiten verschiedene Informationen \u00fcber die Paderborner Puppenspiele, zum Figurentheater allgemein , historische Hintergr\u00fcnden zum Puppenspiel auf dem Liboriberg sowie Wissenswertes zum Umgang mit Handpuppen. F\u00fcr weitere Anregungen sind wir sehr dankbar.<\/p>\n","protected":false},"author":1,"featured_media":480,"parent":0,"menu_order":5,"comment_status":"closed","ping_status":"open","template":"","meta":[],"_links":{"self":[{"href":"http:\/\/www.paderborner-puppenspiele.de\/neu2012\/wp-json\/wp\/v2\/pages\/12"}],"collection":[{"href":"http:\/\/www.paderborner-puppenspiele.de\/neu2012\/wp-json\/wp\/v2\/pages"}],"about":[{"href":"http:\/\/www.paderborner-puppenspiele.de\/neu2012\/wp-json\/wp\/v2\/types\/page"}],"author":[{"embeddable":true,"href":"http:\/\/www.paderborner-puppenspiele.de\/neu2012\/wp-json\/wp\/v2\/users\/1"}],"replies":[{"embeddable":true,"href":"http:\/\/www.paderborner-puppenspiele.de\/neu2012\/wp-json\/wp\/v2\/comments?post=12"}],"version-history":[{"count":11,"href":"http:\/\/www.paderborner-puppenspiele.de\/neu2012\/wp-json\/wp\/v2\/pages\/12\/revisions"}],"predecessor-version":[{"id":906,"href":"http:\/\/www.paderborner-puppenspiele.de\/neu2012\/wp-json\/wp\/v2\/pages\/12\/revisions\/906"}],"wp:featuredmedia":[{"embeddable":true,"href":"http:\/\/www.paderborner-puppenspiele.de\/neu2012\/wp-json\/wp\/v2\/media\/480"}],"wp:attachment":[{"href":"http:\/\/www.paderborner-puppenspiele.de\/neu2012\/wp-json\/wp\/v2\/media?parent=12"}],"curies":[{"name":"wp","href":"https:\/\/api.w.org\/{rel}","templated":true}]}}